{"id":76,"date":"2021-08-08T20:54:28","date_gmt":"2021-08-08T18:54:28","guid":{"rendered":"http:\/\/yogaester.com\/?page_id=76"},"modified":"2026-01-14T15:54:27","modified_gmt":"2026-01-14T14:54:27","slug":"les-cours-de-yoga-prives","status":"publish","type":"page","link":"https:\/\/yogaester.com\/index.php\/les-cours-de-yoga-prives\/","title":{"rendered":"Les Cours de Yoga Priv\u00e9s"},"content":{"rendered":"\n<p>Si vous souhaitez travailler \u00e0 votre propre rythme et avoir une s\u00e9ance de yoga personnalis\u00e9e suivant vos besoins et vos envies, vous pouvez me contacter pour avoir plus d&#8217;informations.<\/p>\n\n\n\n<p>Offrez-vous un moment rien que pour vous gr\u00e2ce \u00e0 des cours de yoga priv\u00e9s, enti\u00e8rement adapt\u00e9s \u00e0 vos besoins, votre rythme et vos objectifs. Que vous soyez d\u00e9butant(e) ou pratiquant(e) confirm\u00e9(e), chaque s\u00e9ance est personnalis\u00e9e pour vous aider \u00e0 renforcer le corps, apaiser l\u2019esprit et retrouver l\u2019\u00e9quilibre.<\/p>\n\n\n\n<p><br>En cours priv\u00e9, vous b\u00e9n\u00e9ficiez d\u2019un accompagnement attentif, de corrections pr\u00e9cises et d\u2019une pratique adapt\u00e9e \u00e0 votre niveau, vos \u00e9ventuelles blessures ou vos envies du moment. Les s\u00e9ances ont lieu dans le studio avec des horaires flexibles.<\/p>\n\n\n\n<p><br>Prenez le temps de vous reconnecter \u00e0 vous-m\u00eame et de progresser en toute s\u00e9r\u00e9nit\u00e9 gr\u00e2ce \u00e0 un accompagnement personnalis\u00e9.<\/p>\n\n\n\n<p><br>\ud83e\uddd8\u200d\u2640\ufe0f Cours individuels ou en petit groupe<br>\ud83d\udccd \u00c0 domicile \/ en ligne<br>\ud83d\udcc5 Horaires flexibles<\/p>\n\n\n\n<p>\u00b7 <strong>PRIV\u00c9 ET \u00c0 SON PROPRE RYTHME:<\/strong><\/p>\n\n\n\n<p>&#8211; 1 personne: 50 \u20ac\/s\u00e9ance<\/p>\n\n\n\n<p>&#8211; 2 personnes: 80 \u20ac\/ s\u00e9ance<\/p>\n\n\n\n<p>&#8211; 3 personnes: 105 \u20ac\/s\u00e9ance<\/p>\n\n\n\n<p>&#8211; 4 personnes: 120 \u20ac\/s\u00e9ance<\/p>\n\n\n\n<p>&#8211; 5 personnes: 135 \u20ac\/s\u00e9ance<\/p>\n\n\n\n<p>T\u00e9l\u00e9phone: 06 08 93 59 80<\/p>\n\n\n\n<p>Email: esterbcano24416@gmail.com<\/p>\n","protected":false},"excerpt":{"rendered":"<p>Si vous souhaitez travailler \u00e0 votre propre rythme et avoir une s\u00e9ance de yoga personnalis\u00e9e suivant vos besoins et vos envies, vous pouvez me contacter pour avoir plus d&#8217;informations. Offrez-vous un moment rien que pour vous gr\u00e2ce \u00e0 des cours de yoga priv\u00e9s, enti\u00e8rement adapt\u00e9s \u00e0 vos besoins, votre rythme et vos objectifs. Que vous &hellip; <\/p>\n<p class=\"link-more\"><a href=\"https:\/\/yogaester.com\/index.php\/les-cours-de-yoga-prives\/\" class=\"more-link\">Continue reading<span class=\"screen-reader-text\"> &#8220;Les Cours de Yoga Priv\u00e9s&#8221;<\/span><\/a><\/p>\n","protected":false},"author":1,"featured_media":0,"parent":0,"menu_order":0,"comment_status":"closed","ping_status":"closed","template":"","meta":[],"_links":{"self":[{"href":"https:\/\/yogaester.com\/index.php\/wp-json\/wp\/v2\/pages\/76"}],"collection":[{"href":"https:\/\/yogaester.com\/index.php\/wp-json\/wp\/v2\/pages"}],"about":[{"href":"https:\/\/yogaester.com\/index.php\/wp-json\/wp\/v2\/types\/page"}],"author":[{"embeddable":true,"href":"https:\/\/yogaester.com\/index.php\/wp-json\/wp\/v2\/users\/1"}],"replies":[{"embeddable":true,"href":"https:\/\/yogaester.com\/index.php\/wp-json\/wp\/v2\/comments?post=76"}],"version-history":[{"count":6,"href":"https:\/\/yogaester.com\/index.php\/wp-json\/wp\/v2\/pages\/76\/revisions"}],"predecessor-version":[{"id":704,"href":"https:\/\/yogaester.com\/index.php\/wp-json\/wp\/v2\/pages\/76\/revisions\/704"}],"wp:attachment":[{"href":"https:\/\/yogaester.com\/index.php\/wp-json\/wp\/v2\/media?parent=76"}],"curies":[{"name":"wp","href":"https:\/\/api.w.org\/{rel}","templated":true}]}}