{"id":74,"date":"2021-08-08T20:54:00","date_gmt":"2021-08-08T18:54:00","guid":{"rendered":"http:\/\/yogaester.com\/?page_id=74"},"modified":"2024-08-11T15:37:43","modified_gmt":"2024-08-11T13:37:43","slug":"les-cours-de-yoga-collectifs","status":"publish","type":"page","link":"https:\/\/yogaester.com\/index.php\/les-cours-de-yoga-collectifs\/","title":{"rendered":"Les Cours de Yoga Collectifs"},"content":{"rendered":"\n<figure class=\"wp-block-image size-full\"><img loading=\"lazy\" width=\"916\" height=\"611\" src=\"http:\/\/yogaester.com\/wp-content\/uploads\/2021\/08\/salle-yoga-tainlhermitage.jpg\" alt=\"\" class=\"wp-image-116\" srcset=\"https:\/\/yogaester.com\/wp-content\/uploads\/2021\/08\/salle-yoga-tainlhermitage.jpg 916w, https:\/\/yogaester.com\/wp-content\/uploads\/2021\/08\/salle-yoga-tainlhermitage-300x200.jpg 300w, https:\/\/yogaester.com\/wp-content\/uploads\/2021\/08\/salle-yoga-tainlhermitage-768x512.jpg 768w\" sizes=\"(max-width: 767px) 89vw, (max-width: 1000px) 54vw, (max-width: 1071px) 543px, 580px\" \/><\/figure>\n\n\n\n<h2>LES COURS<\/h2>\n\n\n\n<p>Les cours de Hatha doux, Yoga Pr\u00e9natal et Midi Flow (vinyasa) auront\u00a0lieu au 14 rue Joseph P\u00e9ala \u00e0 Tain l&#8217;Hermitage.<\/p>\n\n\n\n<p>Les cours de Vinyasa  et Yin Yoga auront lieu \u00e0 l&#8217;espace Linae dans l&#8217;ancienne salle de Vinae.<\/p>\n\n\n\n<p>Pour que le cours se passe bien et que je puisse m\u2019occuper au mieux de chaque personne, le nombre de places est limit\u00e9 par cours.<\/p>\n\n\n\n<p>Le yoga que j\u2019enseigne est un yoga dynamique et \u00e9nergisant, est un yoga holistique. Pourquoi holistique? <\/p>\n\n\n\n<p>Parce que ma pratique \u00e9volue avec ma vie, les changements sociaux, la maternit\u00e9, mes professeures, et de plus en plus je consid\u00e8re notre pratique de yoga comme un TOUT et j&#8217;essaie de tout travailler au niveau \u00e9nerg\u00e9tique, physique et mental. Dans ma mani\u00e8re d\u2019enseigner, j\u2019ai \u00e9t\u00e9 influenc\u00e9 par mes ma\u00eetres qu\u2019ont \u00e9t\u00e9 Kosta Miachin, Jason Milne, Yogi Amitran, Carolina Drake, Sindy Haque, Michael Eley, Bernardino, Helena Chacon, Javier Muriel,etc. <\/p>\n\n\n\n<p>Je suis en continu apprentissage avec mes \u00e9l\u00e8ves, mes professeurs et mes livres \u263a<\/p>\n\n\n\n<p>Chaque semaine je change la \u00ab routine \u00bb et comme \u00e7a on pourra bien r\u00e9p\u00e9ter pendant une semaine la m\u00eame s\u00e9ance et approfondir chaque posture. Les cours durent entre 1h\/ 1h15, \u00e7a d\u00e9pend du cours choisi. Ils se d\u00e9roulent en plusieurs \u00e9tapes : \u00e9chauffement, 40 minutes dynamiques suivies de postures plus douces et bien s\u00fbr la partie la plus important la relaxation finale : Savasana !<\/p>\n\n\n\n<p>On travail dans le cours diff\u00e9rents styles de pranayama, les asanas, m\u00e9ditation, chakras, m\u00e9ridiens, etc.<\/p>\n\n\n\n<p><strong> MAT\u00c9RIEL<\/strong><\/p>\n\n\n\n<p>Si vous avez besoin du mat\u00e9riel, je peux vous recommander le tapis que j\u2019utilise et qui m\u2019accompagne partout depuis quelques ann\u00e9es:<\/p>\n\n\n\n<p>Je peux vous recommander ceux que je connais et moi j&#8217;utilise mon Manduka PRO 6mm, pour ma pratique de tous les jours, et la eQua Mat yoga towel antiglissante et puis pour mes voyages j&#8217;ai eKO SL travel 1,5 mm que j&#8217;ai port\u00e9 partout.<\/p>\n\n\n\n<p>Vous avez le code YOGAESTER pour un 10% de r\u00e9duction dans votre achat.<\/p>\n\n\n\n<p><a rel=\"noreferrer noopener\" href=\"https:\/\/l.facebook.com\/l.php?u=https%3A%2F%2Feu.manduka.com%2F%3Ffbclid%3DIwAR0B9gH3QXGT3FOeDeZTRowaUUPQlUB-yYhTAdV15YZHB6H6QMDYfivqgMs&amp;h=AT0Q2uHdCuFW54a81CJqL1QSzpp86vi-q7K879ubkyIYj9GVtl73ehUKHlyOjvU29lGk_O8FW4k9AXw19LqbM07vD3Lc7CnWuW_tgmGC3pzcFMjvv0FIjhuYVTSIuPZ52Qt51iFT1AJdZUH_nQ&amp;__tn__=-UK-R&amp;c[0]=AT0oDsbtP1pHUFuTKWeYon3xzE4paOWMw_tpnvV2Byi7LJLqI3fYjm0sg_Q2PZwKNTn24jkNG8qedqwX85YBvT8XdrWSxHTDzFX2kA5QEGx30PYE6p3h10k55613FAonbKwjz3FGeJ9BRrKKoStJ0X5Zp_g9JH9XZj9BT8L6MRJ-cRgOXTicokxwF8o2sX5diAZjGd1y\" target=\"_blank\">https:\/\/eu.manduka.com\/<\/a><\/p>\n\n\n\n<div class=\"wp-block-image\"><figure class=\"aligncenter size-full\"><img loading=\"lazy\" width=\"233\" height=\"59\" src=\"http:\/\/yogaester.com\/wp-content\/uploads\/2021\/09\/04-19-21-12-06-28_Manduka_horizontal_black-Small1.png\" alt=\"\" class=\"wp-image-270\"\/><\/figure><\/div>\n\n\n\n<div class=\"wp-block-image\"><figure class=\"aligncenter size-large is-resized\"><img loading=\"lazy\" src=\"http:\/\/yogaester.com\/wp-content\/uploads\/2021\/09\/07-01-21-10-47-48_GROUPEDPRODUCTS2-1024x1024.jpg\" alt=\"\" class=\"wp-image-269\" width=\"257\" height=\"257\" srcset=\"https:\/\/yogaester.com\/wp-content\/uploads\/2021\/09\/07-01-21-10-47-48_GROUPEDPRODUCTS2-1024x1024.jpg 1024w, https:\/\/yogaester.com\/wp-content\/uploads\/2021\/09\/07-01-21-10-47-48_GROUPEDPRODUCTS2-300x300.jpg 300w, https:\/\/yogaester.com\/wp-content\/uploads\/2021\/09\/07-01-21-10-47-48_GROUPEDPRODUCTS2-150x150.jpg 150w, https:\/\/yogaester.com\/wp-content\/uploads\/2021\/09\/07-01-21-10-47-48_GROUPEDPRODUCTS2-768x768.jpg 768w, https:\/\/yogaester.com\/wp-content\/uploads\/2021\/09\/07-01-21-10-47-48_GROUPEDPRODUCTS2-100x100.jpg 100w, https:\/\/yogaester.com\/wp-content\/uploads\/2021\/09\/07-01-21-10-47-48_GROUPEDPRODUCTS2.jpg 1080w\" sizes=\"(max-width: 257px) 100vw, 257px\" \/><\/figure><\/div>\n\n\n\n<p>Ensuite c&#8217;est bien d&#8217;avoir ses briques, un saingle et peut-\u00eatre un coussin ou une couverture pour la m\u00e9ditation finale.<\/p>\n\n\n\n<p>Pour les cours sp\u00e9cifiques de Acuyoga ou lib\u00e9ration myofasciale \u00e0 travers les balles, vous pouvez acheter les balles &#8220;SHIVA&#8221; \u00e0 18\u20ac dans la salle de yoga o\u00f9 apporter vos propres balles.<\/p>\n\n\n\n<div class=\"wp-block-image\"><figure class=\"aligncenter size-large is-resized\"><img loading=\"lazy\" src=\"http:\/\/yogaester.com\/wp-content\/uploads\/2021\/09\/foto-ball-616x1024.jpg\" alt=\"\" class=\"wp-image-271\" width=\"257\" height=\"427\" srcset=\"https:\/\/yogaester.com\/wp-content\/uploads\/2021\/09\/foto-ball-616x1024.jpg 616w, https:\/\/yogaester.com\/wp-content\/uploads\/2021\/09\/foto-ball-181x300.jpg 181w, https:\/\/yogaester.com\/wp-content\/uploads\/2021\/09\/foto-ball-768x1276.jpg 768w, https:\/\/yogaester.com\/wp-content\/uploads\/2021\/09\/foto-ball-925x1536.jpg 925w, https:\/\/yogaester.com\/wp-content\/uploads\/2021\/09\/foto-ball.jpg 1080w\" sizes=\"(max-width: 257px) 100vw, 257px\" \/><\/figure><\/div>\n\n\n\n<h2>LES BIENFAITS<\/h2>\n\n\n\n<p>Les bienfaits du yoga sont bien connus pour toute le monde, ici je vous \u00e9cris quelque uns. Le yoga Vinyasa a de nombreux avantages pour le corps tels que :<\/p>\n\n\n\n<p><em>La force, l&#8217;endurance, la souplesse, le renforcement musculaire, la discipline, la calme, le l\u00e2cher-prise, et l&#8217;\u00e9quilibre.<\/em><\/p>\n\n\n\n<p><br>Pour l&#8217;esprit, le yoga permet : la gestion du stress, l\u2019apaisement du mental et de l\u2019\u00e9tat \u00e9motionnel, et l\u2019am\u00e9lioration de la concentration.<\/p>\n\n\n\n<p>Je peux vous dire que chaque personne commence le yoga pour une raison, mal au ventre, l\u2019envie de perdre du poids, mal au dos, la curiosit\u00e9 d\u2019essayer ce sport \u00e0 la mode, se recentrer en soi-m\u00eame, etc. et m\u00eame si apr\u00e8s les premi\u00e8res s\u00e9ances vous \u00eates un peu d\u00e9courag\u00e9s parce que vous n\u2019\u00eates pas assez souple, ou pas assez fort, ou quelque \u00e7a soit la petite id\u00e9e dans votre t\u00eate, PRATIQUEZ, PRATIQUEZ et puis PRATIQUEZ et cet engagement, cette discipline vers vous (parce que vous le faites pour vous!), va vous faire vous am\u00e9liorez, petit \u00e0 petit, et avec patience, parce que avec le yoga on ne s\u2019arr\u00eate jamais d\u2019apprendre. <\/p>\n\n\n\n<p>Maintenant c\u2019est \u00e0 vous d\u2019essayer, et j\u2019esp\u00e8re que \u00e7a va vous faire du bien \u00e0 votre corps et esprit, cette m\u00e9ditation en mouvement.<\/p>\n","protected":false},"excerpt":{"rendered":"<p>LES COURS Les cours de Hatha doux, Yoga Pr\u00e9natal et Midi Flow (vinyasa) auront\u00a0lieu au 14 rue Joseph P\u00e9ala \u00e0 Tain l&#8217;Hermitage. Les cours de Vinyasa et Yin Yoga auront lieu \u00e0 l&#8217;espace Linae dans l&#8217;ancienne salle de Vinae. Pour que le cours se passe bien et que je puisse m\u2019occuper au mieux de chaque &hellip; <\/p>\n<p class=\"link-more\"><a href=\"https:\/\/yogaester.com\/index.php\/les-cours-de-yoga-collectifs\/\" class=\"more-link\">Continue reading<span class=\"screen-reader-text\"> &#8220;Les Cours de Yoga Collectifs&#8221;<\/span><\/a><\/p>\n","protected":false},"author":1,"featured_media":0,"parent":0,"menu_order":0,"comment_status":"closed","ping_status":"closed","template":"","meta":[],"_links":{"self":[{"href":"https:\/\/yogaester.com\/index.php\/wp-json\/wp\/v2\/pages\/74"}],"collection":[{"href":"https:\/\/yogaester.com\/index.php\/wp-json\/wp\/v2\/pages"}],"about":[{"href":"https:\/\/yogaester.com\/index.php\/wp-json\/wp\/v2\/types\/page"}],"author":[{"embeddable":true,"href":"https:\/\/yogaester.com\/index.php\/wp-json\/wp\/v2\/users\/1"}],"replies":[{"embeddable":true,"href":"https:\/\/yogaester.com\/index.php\/wp-json\/wp\/v2\/comments?post=74"}],"version-history":[{"count":11,"href":"https:\/\/yogaester.com\/index.php\/wp-json\/wp\/v2\/pages\/74\/revisions"}],"predecessor-version":[{"id":537,"href":"https:\/\/yogaester.com\/index.php\/wp-json\/wp\/v2\/pages\/74\/revisions\/537"}],"wp:attachment":[{"href":"https:\/\/yogaester.com\/index.php\/wp-json\/wp\/v2\/media?parent=74"}],"curies":[{"name":"wp","href":"https:\/\/api.w.org\/{rel}","templated":true}]}}