{"id":185,"date":"2021-08-09T18:17:56","date_gmt":"2021-08-09T16:17:56","guid":{"rendered":"http:\/\/yogaester.com\/?page_id=185"},"modified":"2024-11-18T15:43:16","modified_gmt":"2024-11-18T14:43:16","slug":"carte-cadeau","status":"publish","type":"page","link":"https:\/\/yogaester.com\/index.php\/carte-cadeau\/","title":{"rendered":"Carte Cadeau"},"content":{"rendered":"\n<h3>LA CARTE CADEAU YOGA et CARTE CADEAU NO\u00cbL 2025<\/h3>\n\n\n\n<p>Je vous pr\u00e9sente la CARTE CADEAU de Yoga, une carte cadeau pour offrir \u00e0 vos proches, vos amies\/amis.<\/p>\n\n\n\n<p>Parfois, nous ne savons pas quoi offrir, on est devenue tellement mat\u00e9riels et superficiels que \u00e0 l\u2019heure d\u2019offrir, on donne presque d\u2019argent \u00e0 la personne pour peur d\u2019acheter quelque chose que soit, elle\/il ne va pas aimer, soit-elle\/il aura d\u00e9j\u00e0. On est tous dans la m\u00eame probl\u00e9matique.<\/p>\n\n\n\n<p>Pour cette raison, ma contribution a votre probl\u00e8me est de vous donner une id\u00e9e, bien s\u00fbr, si la personne veut faire du yoga, parce que forcer \u00e0 faire quelque chose que on ne veut pas, je vous prier de pas le faire.<\/p>\n\n\n\n<p>L\u2019id\u00e9e est tr\u00e8s simple, vous choisissez parmi les diff\u00e9rents abonnements et puis je vous envoie personnalis\u00e9e pour la personne sp\u00e9ciale, la carte cadeau YOGA. Il y a d\u00e9j\u00e0 plusieurs personnes qui ont eu cette id\u00e9e et pour le moment leurs amies et conjoints sont contents.&nbsp; \u00c0 bient\u00f4t<\/p>\n\n\n\n<figure class=\"wp-block-gallery columns-3 is-cropped\"><ul class=\"blocks-gallery-grid\"><li class=\"blocks-gallery-item\"><figure><img loading=\"lazy\" width=\"1024\" height=\"1024\" src=\"https:\/\/yogaester.com\/wp-content\/uploads\/2024\/11\/1-1024x1024.png\" alt=\"\" data-id=\"558\" data-full-url=\"https:\/\/yogaester.com\/wp-content\/uploads\/2024\/11\/1.png\" data-link=\"https:\/\/yogaester.com\/index.php\/carte-cadeau\/1-3\/\" class=\"wp-image-558\" srcset=\"https:\/\/yogaester.com\/wp-content\/uploads\/2024\/11\/1-1024x1024.png 1024w, https:\/\/yogaester.com\/wp-content\/uploads\/2024\/11\/1-300x300.png 300w, https:\/\/yogaester.com\/wp-content\/uploads\/2024\/11\/1-150x150.png 150w, https:\/\/yogaester.com\/wp-content\/uploads\/2024\/11\/1-768x768.png 768w, https:\/\/yogaester.com\/wp-content\/uploads\/2024\/11\/1-100x100.png 100w, https:\/\/yogaester.com\/wp-content\/uploads\/2024\/11\/1.png 1080w\" sizes=\"(max-width: 767px) 89vw, (max-width: 1000px) 54vw, (max-width: 1071px) 543px, 580px\" \/><\/figure><\/li><li class=\"blocks-gallery-item\"><figure><img loading=\"lazy\" width=\"1024\" height=\"1024\" src=\"https:\/\/yogaester.com\/wp-content\/uploads\/2024\/11\/2-1024x1024.png\" alt=\"\" data-id=\"559\" data-full-url=\"https:\/\/yogaester.com\/wp-content\/uploads\/2024\/11\/2.png\" data-link=\"https:\/\/yogaester.com\/index.php\/carte-cadeau\/2-2\/\" class=\"wp-image-559\" srcset=\"https:\/\/yogaester.com\/wp-content\/uploads\/2024\/11\/2-1024x1024.png 1024w, https:\/\/yogaester.com\/wp-content\/uploads\/2024\/11\/2-300x300.png 300w, https:\/\/yogaester.com\/wp-content\/uploads\/2024\/11\/2-150x150.png 150w, https:\/\/yogaester.com\/wp-content\/uploads\/2024\/11\/2-768x768.png 768w, https:\/\/yogaester.com\/wp-content\/uploads\/2024\/11\/2-100x100.png 100w, https:\/\/yogaester.com\/wp-content\/uploads\/2024\/11\/2.png 1080w\" sizes=\"(max-width: 767px) 89vw, (max-width: 1000px) 54vw, (max-width: 1071px) 543px, 580px\" \/><\/figure><\/li><li class=\"blocks-gallery-item\"><figure><img loading=\"lazy\" width=\"1024\" height=\"1024\" src=\"https:\/\/yogaester.com\/wp-content\/uploads\/2024\/11\/3-1024x1024.png\" alt=\"\" data-id=\"560\" data-full-url=\"https:\/\/yogaester.com\/wp-content\/uploads\/2024\/11\/3.png\" data-link=\"https:\/\/yogaester.com\/index.php\/carte-cadeau\/3-2\/\" class=\"wp-image-560\" srcset=\"https:\/\/yogaester.com\/wp-content\/uploads\/2024\/11\/3-1024x1024.png 1024w, https:\/\/yogaester.com\/wp-content\/uploads\/2024\/11\/3-300x300.png 300w, https:\/\/yogaester.com\/wp-content\/uploads\/2024\/11\/3-150x150.png 150w, https:\/\/yogaester.com\/wp-content\/uploads\/2024\/11\/3-768x768.png 768w, https:\/\/yogaester.com\/wp-content\/uploads\/2024\/11\/3-100x100.png 100w, https:\/\/yogaester.com\/wp-content\/uploads\/2024\/11\/3.png 1080w\" sizes=\"(max-width: 767px) 89vw, (max-width: 1000px) 54vw, (max-width: 1071px) 543px, 580px\" \/><\/figure><\/li><\/ul><\/figure>\n\n\n\n<figure class=\"wp-block-image size-large\"><img loading=\"lazy\" width=\"1024\" height=\"682\" src=\"http:\/\/yogaester.com\/wp-content\/uploads\/2021\/08\/cartecadeau2-1-1024x682.jpg\" alt=\"\" class=\"wp-image-120\" srcset=\"https:\/\/yogaester.com\/wp-content\/uploads\/2021\/08\/cartecadeau2-1-1024x682.jpg 1024w, https:\/\/yogaester.com\/wp-content\/uploads\/2021\/08\/cartecadeau2-1-300x200.jpg 300w, https:\/\/yogaester.com\/wp-content\/uploads\/2021\/08\/cartecadeau2-1-768x512.jpg 768w, https:\/\/yogaester.com\/wp-content\/uploads\/2021\/08\/cartecadeau2-1.jpg 1079w\" sizes=\"(max-width: 767px) 89vw, (max-width: 1000px) 54vw, (max-width: 1071px) 543px, 580px\" \/><\/figure>\n","protected":false},"excerpt":{"rendered":"<p>LA CARTE CADEAU YOGA et CARTE CADEAU NO\u00cbL 2025 Je vous pr\u00e9sente la CARTE CADEAU de Yoga, une carte cadeau pour offrir \u00e0 vos proches, vos amies\/amis. Parfois, nous ne savons pas quoi offrir, on est devenue tellement mat\u00e9riels et superficiels que \u00e0 l\u2019heure d\u2019offrir, on donne presque d\u2019argent \u00e0 la personne pour peur d\u2019acheter &hellip; <\/p>\n<p class=\"link-more\"><a href=\"https:\/\/yogaester.com\/index.php\/carte-cadeau\/\" class=\"more-link\">Continue reading<span class=\"screen-reader-text\"> &#8220;Carte Cadeau&#8221;<\/span><\/a><\/p>\n","protected":false},"author":1,"featured_media":0,"parent":0,"menu_order":0,"comment_status":"closed","ping_status":"closed","template":"","meta":[],"_links":{"self":[{"href":"https:\/\/yogaester.com\/index.php\/wp-json\/wp\/v2\/pages\/185"}],"collection":[{"href":"https:\/\/yogaester.com\/index.php\/wp-json\/wp\/v2\/pages"}],"about":[{"href":"https:\/\/yogaester.com\/index.php\/wp-json\/wp\/v2\/types\/page"}],"author":[{"embeddable":true,"href":"https:\/\/yogaester.com\/index.php\/wp-json\/wp\/v2\/users\/1"}],"replies":[{"embeddable":true,"href":"https:\/\/yogaester.com\/index.php\/wp-json\/wp\/v2\/comments?post=185"}],"version-history":[{"count":4,"href":"https:\/\/yogaester.com\/index.php\/wp-json\/wp\/v2\/pages\/185\/revisions"}],"predecessor-version":[{"id":561,"href":"https:\/\/yogaester.com\/index.php\/wp-json\/wp\/v2\/pages\/185\/revisions\/561"}],"wp:attachment":[{"href":"https:\/\/yogaester.com\/index.php\/wp-json\/wp\/v2\/media?parent=185"}],"curies":[{"name":"wp","href":"https:\/\/api.w.org\/{rel}","templated":true}]}}