{"id":183,"date":"2021-08-09T18:16:34","date_gmt":"2021-08-09T16:16:34","guid":{"rendered":"http:\/\/yogaester.com\/?page_id=183"},"modified":"2025-07-07T11:59:39","modified_gmt":"2025-07-07T09:59:39","slug":"horaires","status":"publish","type":"page","link":"https:\/\/yogaester.com\/index.php\/horaires\/","title":{"rendered":"Horaires"},"content":{"rendered":"\n<p>Les inscriptions sont d\u00e9j\u00e0 ouvertes pour la saison 2025-2026 et j&#8217;ai h\u00e2te de vous revoir m\u00eame si \u00e7a veut dire que nos vacances seront finis \ud83d\ude42<\/p>\n\n\n\n<p>Pour la saison 2025-2026 les cours commencent le lundi 08 Septembre!!! trop h\u00e2te de vous retrouver apr\u00e8s ce beau \u00e9t\u00e9.<\/p>\n\n\n\n<p>Chaque semaine il y aura les inscriptions ouvertes \u00e0 travers l&#8217;application de Bookyway.<\/p>\n\n\n\n<p>Le mardi matin je commence un cours de Hatha Doux pour ceux et celles qui veulent renforcer, m\u00e9diter et respirer mais avec plus de douceur.<\/p>\n\n\n\n<p>Les cours de Holistic power mouvement c&#8217;est le vinyasa traditionnel&nbsp;\u00e0 qui j&#8217;adapte avec mes formations de yoga.<\/p>\n\n\n\n<p><br>J&#8217;ai un grand \u00e9ventail d&#8217;horaires pour des cours priv\u00e9s pour ceux qui ont besoin d&#8217;aller \u00e0 son rythme et adapter la s\u00e9ance \u00e0 ses besoins.<\/p>\n\n\n\n<p>Restez connect\u00e9s aux nouvelles dans les r\u00e9seaux ou par le site web.<\/p>\n\n\n\n<figure class=\"wp-block-image size-large\"><img loading=\"lazy\" width=\"1024\" height=\"724\" src=\"https:\/\/yogaester.com\/wp-content\/uploads\/2025\/07\/horaires-2026-1024x724.png\" alt=\"\" class=\"wp-image-635\" srcset=\"https:\/\/yogaester.com\/wp-content\/uploads\/2025\/07\/horaires-2026-1024x724.png 1024w, https:\/\/yogaester.com\/wp-content\/uploads\/2025\/07\/horaires-2026-300x212.png 300w, https:\/\/yogaester.com\/wp-content\/uploads\/2025\/07\/horaires-2026-768x543.png 768w, https:\/\/yogaester.com\/wp-content\/uploads\/2025\/07\/horaires-2026-1536x1086.png 1536w, https:\/\/yogaester.com\/wp-content\/uploads\/2025\/07\/horaires-2026.png 2000w\" sizes=\"(max-width: 767px) 89vw, (max-width: 1000px) 54vw, (max-width: 1071px) 543px, 580px\" \/><\/figure>\n\n\n\n<p>Les cours de Hatha doux (mardi matin), Yoga Pr\u00e9natal (mardi \u00e0 11h25) et Midi Flow (lundi 12h30)  auront lieu au  P\u00f4le Sud de Sant\u00e9 de Tournon sur Rh\u00f4ne cabinet 56.  <\/p>\n\n\n\n<p>Les cours de Holistic power flow (Vinyasa)  et Yin Yoga auront lieu \u00e0 l&#8217;espace Linae dans l&#8217;ancienne salle de Vinae, l&#8217;ancien restaurant o\u00f9 on peut acc\u00e8der par les escaliers ext\u00e9rieures.<\/p>\n\n\n\n<p>Possibilit\u00e9 de parking des voitures et parking des v\u00e9los dans les 2 cas.<\/p>\n\n\n\n<p>Merci et Namast\u00e9<\/p>\n\n\n\n<p><\/p>\n","protected":false},"excerpt":{"rendered":"<p>Les inscriptions sont d\u00e9j\u00e0 ouvertes pour la saison 2025-2026 et j&#8217;ai h\u00e2te de vous revoir m\u00eame si \u00e7a veut dire que nos vacances seront finis \ud83d\ude42 Pour la saison 2025-2026 les cours commencent le lundi 08 Septembre!!! trop h\u00e2te de vous retrouver apr\u00e8s ce beau \u00e9t\u00e9. Chaque semaine il y aura les inscriptions ouvertes \u00e0 &hellip; <\/p>\n<p class=\"link-more\"><a href=\"https:\/\/yogaester.com\/index.php\/horaires\/\" class=\"more-link\">Continue reading<span class=\"screen-reader-text\"> &#8220;Horaires&#8221;<\/span><\/a><\/p>\n","protected":false},"author":1,"featured_media":0,"parent":0,"menu_order":0,"comment_status":"closed","ping_status":"closed","template":"","meta":[],"_links":{"self":[{"href":"https:\/\/yogaester.com\/index.php\/wp-json\/wp\/v2\/pages\/183"}],"collection":[{"href":"https:\/\/yogaester.com\/index.php\/wp-json\/wp\/v2\/pages"}],"about":[{"href":"https:\/\/yogaester.com\/index.php\/wp-json\/wp\/v2\/types\/page"}],"author":[{"embeddable":true,"href":"https:\/\/yogaester.com\/index.php\/wp-json\/wp\/v2\/users\/1"}],"replies":[{"embeddable":true,"href":"https:\/\/yogaester.com\/index.php\/wp-json\/wp\/v2\/comments?post=183"}],"version-history":[{"count":20,"href":"https:\/\/yogaester.com\/index.php\/wp-json\/wp\/v2\/pages\/183\/revisions"}],"predecessor-version":[{"id":637,"href":"https:\/\/yogaester.com\/index.php\/wp-json\/wp\/v2\/pages\/183\/revisions\/637"}],"wp:attachment":[{"href":"https:\/\/yogaester.com\/index.php\/wp-json\/wp\/v2\/media?parent=183"}],"curies":[{"name":"wp","href":"https:\/\/api.w.org\/{rel}","templated":true}]}}