{"id":181,"date":"2021-08-09T18:15:15","date_gmt":"2021-08-09T16:15:15","guid":{"rendered":"http:\/\/yogaester.com\/?page_id=181"},"modified":"2026-03-19T11:48:26","modified_gmt":"2026-03-19T10:48:26","slug":"tarifs-cours-collectifs","status":"publish","type":"page","link":"https:\/\/yogaester.com\/index.php\/tarifs-cours-collectifs\/","title":{"rendered":"Tarifs Cours Collectifs 2025\/2026"},"content":{"rendered":"\n<p>Pas de frais d\u2019inscription.<\/p>\n\n\n\n<p>\u00b7 <strong>LIBERT\u00c9 <\/strong>:<\/p>\n\n\n\n<p>&#8211; Cours d\u2019essai : 15 \u20ac<\/p>\n\n\n\n<p>&#8211; Cours \u00e0 l\u2019unit\u00e9 : 18 \u20ac<\/p>\n\n\n\n<p>&#8211; Carte abonnement de 5 cours : 75 \u20ac (valable 3 mois d\u00e8s la premi\u00e8re s\u00e9ance)<\/p>\n\n\n\n<p>&#8211; Carte abonnement de 10 cours : 135 \u20ac (valable 5 mois d\u00e8s la premi\u00e8re s\u00e9ance)<\/p>\n\n\n\n<p>&#8211; Carte abonnement de 10 cours : 150 \u20ac (valable 1 an d\u00e8s la premi\u00e8re s\u00e9ance)<\/p>\n\n\n\n<p>&#8211; Carte CADEAUX COURS DE YOGA (le m\u00eame prix s\u2019applique)<\/p>\n\n\n\n<p>\u00b7 <strong>COMPROMIS ET ENGAGEMENT :<\/strong><\/p>\n\n\n\n<p><em>Hors vacances scolaires et jours f\u00e9ri\u00e9s<\/em><\/p>\n\n\n\n<ul><li>Cette ann\u00e9e les abonnements annuels seront encaiss\u00e9s par trimestre, pour b\u00e9n\u00e9ficier de l\u2019abonnement annuel il faudra simplement payer trois ch\u00e8ques au d\u00e9but de l&#8217;ann\u00e9e (sans la date pour que je puisse les encaisser \u00e0 chaque trimestre) qui se correspondent aux diff\u00e9rents trimestres&nbsp;:<\/li><\/ul>\n\n\n\n<p><\/p>\n\n\n\n<ul><li>1 cours\/semaine Septembre (08\/09) \u2013 D\u00e9cembre (20\/12)\u00a0: 156 \u20ac<\/li><li>1 cours\/semaine Jan (05\/01) \u2013 Avril (03\/04)\u00a0: 132 \u20ac<\/li><li>1 cours\/semaine Avril (20\/04)  \u2013 Juillet (12\/07)\u00a0: 132 \u20ac<\/li><\/ul>\n\n\n\n<ul><li>2 cours\/ semaine Septembre (08\/09) \u2013 D\u00e9cembre (fin 20\/12)&nbsp;: 208\u20ac<\/li><li>2 cours\/ semaine Jan (05\/01) \u2013 Avril (03\/04)&nbsp;: 176 \u20ac<\/li><li>2 cours\/ semaine Avril (20\/04)  \u2013 Juillet (12\/07)&nbsp;&nbsp;: 176 \u20ac<\/li><\/ul>\n\n\n\n<p><strong>Hors vacances scolaires:<\/strong><\/p>\n\n\n\n<ol type=\"1\"><li>Trimestre: Lundi 08 Septembre &#8211; Vendredi 19 D\u00e9cembre (hors les 2 semaines de la Toussaint)<\/li><li>Trimestre: Lundi 5 Janvier &#8211; Vendredi 3 Avril (hors les 2 semaines de vacances scolaires de F\u00e9vrier)<\/li><li>Trimestre: Lundi 20 Avril &#8211; Vendredi 10 Juillet (hors les 2 semaines de vacances scolaires d\u2019avril )<\/li><\/ol>\n\n\n\n<p>\u00b7 <strong>COURS EN ENTREPRISES<\/strong><\/p>\n\n\n\n<p>Me contacter pour plus des renseignements et si vous connaissez une entreprise qui veut proportionner des cours de yoga \u00e0 ses salari\u00e9s n&#8217;h\u00e9sitez pas de les parler, un cours de yoga fait un bien fou \ud83d\ude42<\/p>\n\n\n\n<p><\/p>\n\n\n\n<p>Les cours collectifs se d\u00e9rouleront avec un minimum de 4 personnes inscrites.<\/p>\n\n\n\n<p><\/p>\n\n\n\n<p>Possibilit\u00e9 de d\u00e9caler un cours r\u00e9serv\u00e9 sur une autre session si vous annulez 5h \u00e0 l&#8217;avance par l&#8217;application de bookyway. Au-del\u00e0, le cours sera consid\u00e9r\u00e9 comme utilis\u00e9.<\/p>\n\n\n\n<p>Merci de votre compr\u00e9hension \ud83d\ude09<\/p>\n\n\n\n<p>Possibilit\u00e9 de payer en esp\u00e8ces, virement bancaire ou ch\u00e8que.<\/p>\n\n\n\n<h2 class=\"has-text-align-center\"><strong>Une s\u00e9ance de yoga et son tarif en toute transparence<\/strong><\/h2>\n\n\n\n<p>Le prix de la s\u00e9ance se r\u00e9partie entre la r\u00e9mun\u00e9ration du temps du travail et les charges li\u00e9es \u00e0 l\u2019exercice du m\u00e9tier&nbsp;:<\/p>\n\n\n\n<p><strong><u>Temps de travail&nbsp;:<\/u><\/strong><\/p>\n\n\n\n<ul><li>Pr\u00e9paration et personnalisation d\u2019une s\u00e9ance (1h30)<\/li><li>R\u00e9p\u00e9tition de la s\u00e9ance pr\u00e9alablement + variations (1h30 \u2013 2h)<\/li><li>Nettoyage de la salle et mat\u00e9riaux (1h \u2013 1h30)<\/li><li>G\u00e9rer les r\u00e9servations des cours, les annulations, les retards, et le logiciel.<\/li><\/ul>\n\n\n\n<p><strong><u>Charges et frais fixes :<\/u><\/strong><\/p>\n\n\n\n<ul><li>Imp\u00f4ts et charges (CFE, cotisations URSSAF)<\/li><li>Charges professionnelles fixes (responsabilit\u00e9 civile, assurance professionnelle + de la salle, loyer des salles de yoga, abonnement internet, abonnement logiciel de r\u00e9servation, h\u00e9bergement du site web, loyer, \u00e9lectricit\u00e9\u2026)<\/li><li>Tr\u00e9sorerie (retraite, investissement, cong\u00e9s pay\u00e9s, renouvellement du mat\u00e9riel utilis\u00e9s lors des s\u00e9ances smartphone et ordinateurs, ainsi que l\u2019achat de mat\u00e9riel de nettoyage, du yoga et de la d\u00e9coration de la salle)<\/li><li>Surtout les differentes formations de yoga au fil de l&#8217;ann\u00e9e.<\/li><\/ul>\n\n\n\n<p><\/p>\n\n\n\n<p><\/p>\n","protected":false},"excerpt":{"rendered":"<p>Pas de frais d\u2019inscription. \u00b7 LIBERT\u00c9 : &#8211; Cours d\u2019essai : 15 \u20ac &#8211; Cours \u00e0 l\u2019unit\u00e9 : 18 \u20ac &#8211; Carte abonnement de 5 cours : 75 \u20ac (valable 3 mois d\u00e8s la premi\u00e8re s\u00e9ance) &#8211; Carte abonnement de 10 cours : 135 \u20ac (valable 5 mois d\u00e8s la premi\u00e8re s\u00e9ance) &#8211; Carte abonnement &hellip; <\/p>\n<p class=\"link-more\"><a href=\"https:\/\/yogaester.com\/index.php\/tarifs-cours-collectifs\/\" class=\"more-link\">Continue reading<span class=\"screen-reader-text\"> &#8220;Tarifs Cours Collectifs 2025\/2026&#8221;<\/span><\/a><\/p>\n","protected":false},"author":1,"featured_media":0,"parent":0,"menu_order":0,"comment_status":"closed","ping_status":"closed","template":"","meta":[],"_links":{"self":[{"href":"https:\/\/yogaester.com\/index.php\/wp-json\/wp\/v2\/pages\/181"}],"collection":[{"href":"https:\/\/yogaester.com\/index.php\/wp-json\/wp\/v2\/pages"}],"about":[{"href":"https:\/\/yogaester.com\/index.php\/wp-json\/wp\/v2\/types\/page"}],"author":[{"embeddable":true,"href":"https:\/\/yogaester.com\/index.php\/wp-json\/wp\/v2\/users\/1"}],"replies":[{"embeddable":true,"href":"https:\/\/yogaester.com\/index.php\/wp-json\/wp\/v2\/comments?post=181"}],"version-history":[{"count":16,"href":"https:\/\/yogaester.com\/index.php\/wp-json\/wp\/v2\/pages\/181\/revisions"}],"predecessor-version":[{"id":779,"href":"https:\/\/yogaester.com\/index.php\/wp-json\/wp\/v2\/pages\/181\/revisions\/779"}],"wp:attachment":[{"href":"https:\/\/yogaester.com\/index.php\/wp-json\/wp\/v2\/media?parent=181"}],"curies":[{"name":"wp","href":"https:\/\/api.w.org\/{rel}","templated":true}]}}