{"id":16,"date":"2021-08-08T19:48:00","date_gmt":"2021-08-08T17:48:00","guid":{"rendered":"http:\/\/yogaester.com\/?page_id=16"},"modified":"2026-03-18T11:30:42","modified_gmt":"2026-03-18T10:30:42","slug":"blog","status":"publish","type":"page","link":"https:\/\/yogaester.com\/index.php\/blog\/","title":{"rendered":"Massage liftant Japonais"},"content":{"rendered":"\n<figure class=\"wp-block-image size-large\"><img loading=\"lazy\" width=\"819\" height=\"1024\" src=\"https:\/\/yogaester.com\/wp-content\/uploads\/2026\/03\/liftant-japonais-819x1024.png\" alt=\"\" class=\"wp-image-776\" srcset=\"https:\/\/yogaester.com\/wp-content\/uploads\/2026\/03\/liftant-japonais-819x1024.png 819w, https:\/\/yogaester.com\/wp-content\/uploads\/2026\/03\/liftant-japonais-240x300.png 240w, https:\/\/yogaester.com\/wp-content\/uploads\/2026\/03\/liftant-japonais-768x960.png 768w, https:\/\/yogaester.com\/wp-content\/uploads\/2026\/03\/liftant-japonais.png 1080w\" sizes=\"(max-width: 767px) 89vw, (max-width: 1000px) 54vw, (max-width: 1071px) 543px, 580px\" \/><\/figure>\n\n\n\n<p><strong>MASSAGE LIFTANT JAPONAIS<\/strong><\/p>\n\n\n\n<p>D\u00e9couvrez le massage liftant japonais de la tradition, un soin du visage naturel et profond, propos\u00e9 par une professeure de yoga form\u00e9e en M\u00e9decine Traditionnelle Chinoise (MTC).<\/p>\n\n\n\n<p>Cette approche holistique allie techniques japonaises ancestrales, connaissance des m\u00e9ridiens \u00e9nerg\u00e9tiques et travail sur la respiration pour r\u00e9\u00e9quilibrer le corps et l\u2019esprit.<\/p>\n\n\n\n<p>Le massage liftant japonais tire son origine du Kobido, invent\u00e9 dans la ville de Shizuoka au Japon en 1472, \u00e0 la demande de l\u2019Imp\u00e9ratrice, il signifie \u00ab&nbsp;ancienne voie  de beaut\u00e9\u00bb et se transmet de ma\u00eetre \u00e0 \u00e9l\u00e8ve depuis plusieurs si\u00e8cles.<\/p>\n\n\n\n<h3>La particularit\u00e9 du massage liftant Japonais<\/h3>\n\n\n\n<ul><li>D\u00e9tente du syst\u00e8me nerveux sympathique<\/li><li>Am\u00e9lioration du sommeil et r\u00e9duction de stress avec toutes les bonnes cons\u00e9quences qui vont avec cette diminution.<\/li><li>\u00c9clat et belle teint du visage<\/li><li>Lissage des rides et diminution des ridules<\/li><li>Booster de 15 \u00e0 30% la production des prot\u00e9ines de collag\u00e8ne pour une peau plus \u00e9lastique et firme.<\/li><\/ul>\n\n\n\n<h3>Pour qui ?<\/h3>\n\n\n\n<p>Ce massage s\u2019adresse \u00e0 toute personne recherchant relaxation et d\u00e9tente, aux personnes fatigu\u00e9es, stress\u00e9es ou angoiss\u00e9es, qui ont du mal \u00e0 d\u00e9connecter du quotidien et plus particuli\u00e8rement aux personnes qui souhaitent lutter contre le rel\u00e2chement et le vieillissement cutan\u00e9 par une m\u00e9thode naturelle.<\/p>\n\n\n\n<h3>Quels sont les bienfaits du massage liftant Japonais?<\/h3>\n\n\n\n<p>Le massage liftant Japonais lutte contre le rel\u00e2chement cutan\u00e9, repulpe rides et ridules, encourage la production d\u2019\u00e9lastine et du collag\u00e8ne, illumine le teint, tonifie la peau, harmonise le corps et l\u2019esprit, r\u00e9oxyg\u00e8ne le sang et les cellules, am\u00e9liore la circulation sanguine et le retour lymphatique\u2026<\/p>\n\n\n\n<h3>Dans quels cas est-il contre-indiqu\u00e9 de recevoir le massage liftant Japonais ?<\/h3>\n\n\n\n<p>Si l\u2019on pr\u00e9sente une infection, toute l\u00e9sion de la peau, trouble neurologique, fragilit\u00e9 cervicale, femme enceinte de moins de trois moi, rougeurs, blessures, injection de botox r\u00e9cente.<br>Si vous suivez un traitement m\u00e9dical, demandez l\u2019avis de votre m\u00e9decin. <\/p>\n\n\n\n<p><br>Ce massage stimule la circulation \u00e9nerg\u00e9tique, tonifie les muscles du visage, lisse les traits et redonne \u00e9clat \u00e0 la peau, tout en procurant une d\u00e9tente profonde. <\/p>\n\n\n\n<p>Bien plus qu\u2019un soin esth\u00e9tique, c\u2019est un v\u00e9ritable moment de bien-\u00eatre et d\u2019harmonisation int\u00e9rieure.<\/p>\n\n\n\n<p><\/p>\n\n\n\n<p>Si vous voulez essayer voici le lien pour le paiement et la r\u00e9servation dans l&#8217;adresse mail suivant ou le t\u00e9l\u00e9phone suivante:<\/p>\n\n\n\n<p>esterbcano24416@gmail.com<\/p>\n\n\n\n<p>0608935980<\/p>\n\n\n\n<p><a href=\"https:\/\/buy.stripe.com\/5kQ6oIgcn0I36XB5y13Nm01\">https:\/\/buy.stripe.com\/5kQ6oIgcn0I36XB5y13Nm01<\/a><\/p>\n\n\n\n<figure class=\"wp-block-image size-full\"><img loading=\"lazy\" width=\"837\" height=\"585\" src=\"https:\/\/yogaester.com\/wp-content\/uploads\/2026\/02\/massage-liftant-japonais.png\" alt=\"\" class=\"wp-image-756\" srcset=\"https:\/\/yogaester.com\/wp-content\/uploads\/2026\/02\/massage-liftant-japonais.png 837w, https:\/\/yogaester.com\/wp-content\/uploads\/2026\/02\/massage-liftant-japonais-300x210.png 300w, https:\/\/yogaester.com\/wp-content\/uploads\/2026\/02\/massage-liftant-japonais-768x537.png 768w\" sizes=\"(max-width: 767px) 89vw, (max-width: 1000px) 54vw, (max-width: 1071px) 543px, 580px\" \/><\/figure>\n","protected":false},"excerpt":{"rendered":"<p>MASSAGE LIFTANT JAPONAIS D\u00e9couvrez le massage liftant japonais de la tradition, un soin du visage naturel et profond, propos\u00e9 par une professeure de yoga form\u00e9e en M\u00e9decine Traditionnelle Chinoise (MTC). Cette approche holistique allie techniques japonaises ancestrales, connaissance des m\u00e9ridiens \u00e9nerg\u00e9tiques et travail sur la respiration pour r\u00e9\u00e9quilibrer le corps et l\u2019esprit. Le massage liftant &hellip; <\/p>\n<p class=\"link-more\"><a href=\"https:\/\/yogaester.com\/index.php\/blog\/\" class=\"more-link\">Continue reading<span class=\"screen-reader-text\"> &#8220;Massage liftant Japonais&#8221;<\/span><\/a><\/p>\n","protected":false},"author":1,"featured_media":0,"parent":0,"menu_order":0,"comment_status":"closed","ping_status":"closed","template":"","meta":[],"_links":{"self":[{"href":"https:\/\/yogaester.com\/index.php\/wp-json\/wp\/v2\/pages\/16"}],"collection":[{"href":"https:\/\/yogaester.com\/index.php\/wp-json\/wp\/v2\/pages"}],"about":[{"href":"https:\/\/yogaester.com\/index.php\/wp-json\/wp\/v2\/types\/page"}],"author":[{"embeddable":true,"href":"https:\/\/yogaester.com\/index.php\/wp-json\/wp\/v2\/users\/1"}],"replies":[{"embeddable":true,"href":"https:\/\/yogaester.com\/index.php\/wp-json\/wp\/v2\/comments?post=16"}],"version-history":[{"count":24,"href":"https:\/\/yogaester.com\/index.php\/wp-json\/wp\/v2\/pages\/16\/revisions"}],"predecessor-version":[{"id":778,"href":"https:\/\/yogaester.com\/index.php\/wp-json\/wp\/v2\/pages\/16\/revisions\/778"}],"wp:attachment":[{"href":"https:\/\/yogaester.com\/index.php\/wp-json\/wp\/v2\/media?parent=16"}],"curies":[{"name":"wp","href":"https:\/\/api.w.org\/{rel}","templated":true}]}}