{"id":14,"date":"2021-08-08T19:48:00","date_gmt":"2021-08-08T17:48:00","guid":{"rendered":"http:\/\/yogaester.com\/?page_id=14"},"modified":"2021-09-01T16:17:19","modified_gmt":"2021-09-01T14:17:19","slug":"a-propos-de","status":"publish","type":"page","link":"https:\/\/yogaester.com\/index.php\/a-propos-de\/","title":{"rendered":"\u00c0 propos de moi"},"content":{"rendered":"\n<div class=\"wp-block-media-text alignwide is-stacked-on-mobile\"><figure class=\"wp-block-media-text__media\"><img loading=\"lazy\" width=\"350\" height=\"350\" src=\"http:\/\/yogaester.com\/wp-content\/uploads\/2021\/08\/about-me.jpg\" alt=\"\" class=\"wp-image-55 size-full\" srcset=\"https:\/\/yogaester.com\/wp-content\/uploads\/2021\/08\/about-me.jpg 350w, https:\/\/yogaester.com\/wp-content\/uploads\/2021\/08\/about-me-300x300.jpg 300w, https:\/\/yogaester.com\/wp-content\/uploads\/2021\/08\/about-me-150x150.jpg 150w, https:\/\/yogaester.com\/wp-content\/uploads\/2021\/08\/about-me-100x100.jpg 100w\" sizes=\"(max-width: 350px) 100vw, 350px\" \/><\/figure><div class=\"wp-block-media-text__content\">\n<p>Je m\u2019appelle Ester Bellod Cano et je suis professeur de yoga \u00e0 Tain l\u2019Hermitage et Tournon-sur-Rh\u00f4ne. Pour vous raconter un peu mon parcours, je vous invite \u00e0 lire la suite \ud83d\ude09<\/p>\n\n\n\n<p><\/p>\n<\/div><\/div>\n\n\n\n<p>Tout a commenc\u00e9 en 2015, la date exacte je pourrai la citer, j\u2019\u00e9tais \u00e0 Madrid, je me sentais un peu perdue, dans le travail, dans ma vie personnelle, etc&#8230; en r\u00e9sum\u00e9, je ne me sentais pas tr\u00e8s bien. J\u2019avais \u00e9t\u00e9 toute ma vie une \u00e9l\u00e8ve mod\u00e8le, de bonnes notes, toujours focaliser sur un \u00ab bon futur \u00bb, une bonne \u00e9cole, ing\u00e9nieure de ponts et chauss\u00e9s par la Polytechnique de Madrid (Escuela de Caminos Puertos y Canales de Madrid), apr\u00e8s avoir travaill\u00e9 deux ans dans un bureau d\u2019\u00e9tudes, un parcours typique pour une bonne carri\u00e8re professionnelle. N\u00e9anmoins, je me suis rendu compte que ce n\u2019\u00e9tait pas mon Dharma (le type de vie que je voulais vivre et pourquoi).<\/p>\n\n\n\n<p>J\u2019avais pratiqu\u00e9 yoga dans les gymnases, dans mes voyages par le monde (Australie, Londres, Colombie, etc), mais c\u2019est quand je me suis inscrit dans un studio de yoga et j\u2019ai commenc\u00e9 \u00e0 d\u00e9couvrir le yoga, j\u2019ai trouv\u00e9 la d\u00e9votion et la discipline dans cette pratique mill\u00e9naire. Je suis tr\u00e8s disciplinaire, tr\u00e8s responsable, tr\u00e8s id\u00e9aliste et r\u00eaveuse, et trouver le yoga a \u00e9t\u00e9 un ancrage \u00e0 la terre, au moment pr\u00e9sent, au bonheur mental.<\/p>\n\n\n\n<p>Du coup la seule chose \u00e0 faire \u00e9tait sortir de ma zone de confort ou les jours passaient avec une croix sur le calendrier et mille r\u00eaves \u00e0 accomplir. J\u2019ai eu peur, j\u2019ai peur encore des fois, je crois que c\u2019est normal d\u2019avoir des inqui\u00e9tudes quand il existe une incertitude, mais je ne regrette aucun pas que j\u2019ai accomplie dans cette trajectoire. Gr\u00e2ce \u00e0 ce chemin, j\u2019ai rencontr\u00e9 et je rencontre tous les jours des personnes vrais et passionn\u00e9es, tellement \u00e9nergisantes qui me donne la force et l\u2019envie \u00e0 suivre ce Dharma \u00e0 moi.<\/p>\n\n\n\n<p>C\u2019\u00e9tait en 2016, quand apr\u00e8s pratiquer quelques ans du yoga et avoir vu les bienfaits et le bonheur que \u00e7a me transmettait, j\u2019ai d\u00e9cid\u00e9 de faire une formation de yoga. Un YTT 200h \u00e0 Vikasa Yoga, my safe place. Cette exp\u00e9rience a chang\u00e9 ma vie, et c\u2019est vrai que je n\u2019ai pas pu exercer comme professeur toute suite. Cependant, l\u2019id\u00e9e de devenir professeur de yoga continuait dans ma t\u00eate. En 2018, gr\u00e2ce au nouveau travail que j\u2019avais, \u00e0 l\u2019aide inconditionnelle de mon copain et des amis, j\u2019ai pu r\u00e9aliser ce petit r\u00eave \u00e0 moi, et pouvoir transmettre le yoga que je connais. Je ne m\u2019arr\u00eate pas d\u2019apprendre, je suis une \u00e9l\u00e8ve de chaque personne qui vient \u00e0 mes cours, et chaque jour j\u2019essaie de faire mon maximum pour que les personnes puissent sentir le bonheur d\u2019amener le yoga dans leurs vies.<\/p>\n\n\n\n<p>Au d\u00e9but, c\u2019\u00e9tait que des amis qui sont venus, et petit \u00e0 petit et de bouche-oreille, il y a eu plus des personnes qui apr\u00e8s aussi deviennent mes amis. Le r\u00e9sultat ? Je me retrouve derri\u00e8re un ordinateur pour cr\u00e9er description de moi et vous donner l\u2019envie de pratiquer yoga, soit avec moi, soit avec des autres professeures, soit chez vous ou soit avec qui \u00e7a soit, mais pratiquez, pratiquez, avec la pratique tout arrivera. Je suis moi-m\u00eame dans ce chemin de d\u00e9couverte, apprentissage et grandir.<\/p>\n\n\n\n<p>Je suis professeur enregistr\u00e9e par la Yoga Alliance 200hr, plus j\u2019ai fait une formation en Yin Yoga (50hr), Yang Flow\/M\u00e9dicine Chinoise et Massage Myofasciale (60hr), Yoga Pr\u00e9natal et Postnatal, Yoga et L\u00e9sions, Praticienne d\u2019Aromath\u00e9rapie, et en cours de la formation de Gu\u00e9rison avec les Cristaux.<\/p>\n\n\n\n<p><\/p>\n\n\n\n<figure class=\"wp-block-gallery columns-0 is-cropped\"><ul class=\"blocks-gallery-grid\"><\/ul><\/figure>\n\n\n\n<figure class=\"wp-block-gallery aligncenter columns-3 is-cropped\"><ul class=\"blocks-gallery-grid\"><li class=\"blocks-gallery-item\"><figure><img loading=\"lazy\" width=\"200\" height=\"200\" src=\"http:\/\/yogaester.com\/wp-content\/uploads\/2021\/08\/RYT200.png\" alt=\"\" data-id=\"170\" data-full-url=\"http:\/\/yogaester.com\/wp-content\/uploads\/2021\/08\/RYT200.png\" data-link=\"http:\/\/yogaester.com\/index.php\/a-propos-de\/ryt200\/\" class=\"wp-image-170\" srcset=\"https:\/\/yogaester.com\/wp-content\/uploads\/2021\/08\/RYT200.png 200w, https:\/\/yogaester.com\/wp-content\/uploads\/2021\/08\/RYT200-150x150.png 150w, https:\/\/yogaester.com\/wp-content\/uploads\/2021\/08\/RYT200-100x100.png 100w\" sizes=\"(max-width: 200px) 100vw, 200px\" \/><\/figure><\/li><li class=\"blocks-gallery-item\"><figure><img loading=\"lazy\" width=\"200\" height=\"200\" src=\"http:\/\/yogaester.com\/wp-content\/uploads\/2021\/08\/TCMYOGA.png\" alt=\"\" data-id=\"172\" data-full-url=\"http:\/\/yogaester.com\/wp-content\/uploads\/2021\/08\/TCMYOGA.png\" data-link=\"http:\/\/yogaester.com\/index.php\/a-propos-de\/tcmyoga\/\" class=\"wp-image-172\" srcset=\"https:\/\/yogaester.com\/wp-content\/uploads\/2021\/08\/TCMYOGA.png 200w, https:\/\/yogaester.com\/wp-content\/uploads\/2021\/08\/TCMYOGA-150x150.png 150w, https:\/\/yogaester.com\/wp-content\/uploads\/2021\/08\/TCMYOGA-100x100.png 100w\" sizes=\"(max-width: 200px) 100vw, 200px\" \/><\/figure><\/li><li class=\"blocks-gallery-item\"><figure><img loading=\"lazy\" width=\"929\" height=\"1024\" src=\"http:\/\/yogaester.com\/wp-content\/uploads\/2021\/09\/logo-Green-Yogar-hd-929x1024.png\" alt=\"\" data-id=\"248\" data-full-url=\"http:\/\/yogaester.com\/wp-content\/uploads\/2021\/09\/logo-Green-Yogar-hd.png\" data-link=\"http:\/\/yogaester.com\/index.php\/a-propos-de\/logo-green-yogar-hd\/\" class=\"wp-image-248\" srcset=\"https:\/\/yogaester.com\/wp-content\/uploads\/2021\/09\/logo-Green-Yogar-hd-929x1024.png 929w, https:\/\/yogaester.com\/wp-content\/uploads\/2021\/09\/logo-Green-Yogar-hd-272x300.png 272w, https:\/\/yogaester.com\/wp-content\/uploads\/2021\/09\/logo-Green-Yogar-hd-768x847.png 768w, https:\/\/yogaester.com\/wp-content\/uploads\/2021\/09\/logo-Green-Yogar-hd-1393x1536.png 1393w, https:\/\/yogaester.com\/wp-content\/uploads\/2021\/09\/logo-Green-Yogar-hd-1857x2048.png 1857w\" sizes=\"(max-width: 767px) 89vw, (max-width: 1000px) 54vw, (max-width: 1071px) 543px, 580px\" \/><\/figure><\/li><\/ul><\/figure>\n","protected":false},"excerpt":{"rendered":"<p>Je m\u2019appelle Ester Bellod Cano et je suis professeur de yoga \u00e0 Tain l\u2019Hermitage et Tournon-sur-Rh\u00f4ne. Pour vous raconter un peu mon parcours, je vous invite \u00e0 lire la suite \ud83d\ude09 Tout a commenc\u00e9 en 2015, la date exacte je pourrai la citer, j\u2019\u00e9tais \u00e0 Madrid, je me sentais un peu perdue, dans le travail, &hellip; <\/p>\n<p class=\"link-more\"><a href=\"https:\/\/yogaester.com\/index.php\/a-propos-de\/\" class=\"more-link\">Continue reading<span class=\"screen-reader-text\"> &#8220;\u00c0 propos de moi&#8221;<\/span><\/a><\/p>\n","protected":false},"author":1,"featured_media":0,"parent":0,"menu_order":0,"comment_status":"closed","ping_status":"closed","template":"","meta":[],"_links":{"self":[{"href":"https:\/\/yogaester.com\/index.php\/wp-json\/wp\/v2\/pages\/14"}],"collection":[{"href":"https:\/\/yogaester.com\/index.php\/wp-json\/wp\/v2\/pages"}],"about":[{"href":"https:\/\/yogaester.com\/index.php\/wp-json\/wp\/v2\/types\/page"}],"author":[{"embeddable":true,"href":"https:\/\/yogaester.com\/index.php\/wp-json\/wp\/v2\/users\/1"}],"replies":[{"embeddable":true,"href":"https:\/\/yogaester.com\/index.php\/wp-json\/wp\/v2\/comments?post=14"}],"version-history":[{"count":6,"href":"https:\/\/yogaester.com\/index.php\/wp-json\/wp\/v2\/pages\/14\/revisions"}],"predecessor-version":[{"id":251,"href":"https:\/\/yogaester.com\/index.php\/wp-json\/wp\/v2\/pages\/14\/revisions\/251"}],"wp:attachment":[{"href":"https:\/\/yogaester.com\/index.php\/wp-json\/wp\/v2\/media?parent=14"}],"curies":[{"name":"wp","href":"https:\/\/api.w.org\/{rel}","templated":true}]}}